{"id":224,"date":"2024-04-24T12:48:35","date_gmt":"2024-04-24T12:48:35","guid":{"rendered":"https:\/\/poi-wp-acc.inmotiv.be\/?page_id=224"},"modified":"2024-08-12T23:33:11","modified_gmt":"2024-08-12T23:33:11","slug":"proof-of-insurance-fr-2","status":"publish","type":"page","link":"https:\/\/poi-wp-prd.inmotiv.be\/index.php\/proof-of-insurance-fr-2\/","title":{"rendered":"POI HOME FR"},"content":{"rendered":"\t\t<div data-elementor-type=\"wp-page\" data-elementor-id=\"224\" class=\"elementor elementor-224\">\n\t\t\t\t<div class=\"elementor-element elementor-element-42a6d8cb e-flex e-con-boxed e-con e-parent\" data-id=\"42a6d8cb\" data-element_type=\"container\" data-settings=\"{&quot;content_width&quot;:&quot;boxed&quot;}\" data-core-v316-plus=\"true\">\n\t\t\t\t\t<div class=\"e-con-inner\">\n\t\t\t\t<div class=\"elementor-element elementor-element-4b2a6f20 elementor-widget elementor-widget-image\" data-id=\"4b2a6f20\" data-element_type=\"widget\" data-widget_type=\"image.default\">\n\t\t\t\t<div class=\"elementor-widget-container\">\n\t\t\t<style>\/*! elementor - v3.19.0 - 29-01-2024 *\/\n.elementor-widget-image{text-align:center}.elementor-widget-image a{display:inline-block}.elementor-widget-image a img[src$=\".svg\"]{width:48px}.elementor-widget-image img{vertical-align:middle;display:inline-block}<\/style>\t\t\t\t\t\t\t\t\t\t<img decoding=\"async\" width=\"173\" height=\"45\" src=\"https:\/\/poi-wp-prd.inmotiv.be\/wp-content\/uploads\/2024\/04\/InMotiv_logo_fc_Transparant_Klein.png\" class=\"attachment-large size-large wp-image-40\" alt=\"\" \/>\t\t\t\t\t\t\t\t\t\t\t\t\t<\/div>\n\t\t\t\t<\/div>\n\t\t\t\t<div class=\"elementor-element elementor-element-69af7f61 elementor-widget__width-auto elementor-invisible elementor-widget elementor-widget-image\" data-id=\"69af7f61\" data-element_type=\"widget\" data-settings=\"{&quot;_animation&quot;:&quot;fadeIn&quot;}\" data-widget_type=\"image.default\">\n\t\t\t\t<div class=\"elementor-widget-container\">\n\t\t\t\t\t\t\t\t\t\t\t\t\t\t<a href=\"https:\/\/poi.inmotiv.be\/#\/GMWFList\" target=\"_top\">\n\t\t\t\t\t\t\t<img fetchpriority=\"high\" decoding=\"async\" width=\"1024\" height=\"273\" src=\"https:\/\/poi-wp-prd.inmotiv.be\/wp-content\/uploads\/2024\/04\/iStock-1328728218-kleiner-1024x273.jpg\" class=\"attachment-large size-large wp-image-106\" alt=\"\" srcset=\"https:\/\/poi-wp-prd.inmotiv.be\/wp-content\/uploads\/2024\/04\/iStock-1328728218-kleiner-1024x273.jpg 1024w, https:\/\/poi-wp-prd.inmotiv.be\/wp-content\/uploads\/2024\/04\/iStock-1328728218-kleiner-300x80.jpg 300w, https:\/\/poi-wp-prd.inmotiv.be\/wp-content\/uploads\/2024\/04\/iStock-1328728218-kleiner-768x205.jpg 768w, https:\/\/poi-wp-prd.inmotiv.be\/wp-content\/uploads\/2024\/04\/iStock-1328728218-kleiner-1536x410.jpg 1536w, https:\/\/poi-wp-prd.inmotiv.be\/wp-content\/uploads\/2024\/04\/iStock-1328728218-kleiner.jpg 1626w\" sizes=\"(max-width: 1024px) 100vw, 1024px\" \/>\t\t\t\t\t\t\t\t<\/a>\n\t\t\t\t\t\t\t\t\t\t\t\t\t<\/div>\n\t\t\t\t<\/div>\n\t\t\t\t\t<\/div>\n\t\t\t\t<\/div>\n\t\t<div class=\"elementor-element elementor-element-567d5bff e-flex e-con-boxed e-con e-parent\" data-id=\"567d5bff\" data-element_type=\"container\" data-settings=\"{&quot;content_width&quot;:&quot;boxed&quot;}\" data-core-v316-plus=\"true\">\n\t\t\t\t\t<div class=\"e-con-inner\">\n\t\t\t\t<div class=\"elementor-element elementor-element-67d525bb elementor-widget elementor-widget-text-editor\" data-id=\"67d525bb\" data-element_type=\"widget\" data-widget_type=\"text-editor.default\">\n\t\t\t\t<div class=\"elementor-widget-container\">\n\t\t\t<style>\/*! elementor - v3.19.0 - 29-01-2024 *\/\n.elementor-widget-text-editor.elementor-drop-cap-view-stacked .elementor-drop-cap{background-color:#69727d;color:#fff}.elementor-widget-text-editor.elementor-drop-cap-view-framed .elementor-drop-cap{color:#69727d;border:3px solid;background-color:transparent}.elementor-widget-text-editor:not(.elementor-drop-cap-view-default) .elementor-drop-cap{margin-top:8px}.elementor-widget-text-editor:not(.elementor-drop-cap-view-default) .elementor-drop-cap-letter{width:1em;height:1em}.elementor-widget-text-editor .elementor-drop-cap{float:left;text-align:center;line-height:1;font-size:50px}.elementor-widget-text-editor .elementor-drop-cap-letter{display:inline-block}<\/style>\t\t\t\t<table class=\" alignleft\" style=\"width: 100%; border-collapse: collapse;\" cellpadding=\"20\"><tbody><tr><td style=\"width: 33%; vertical-align: top;\"><p><span style=\"font-family: tahoma, arial, helvetica, sans-serif;\"><strong><span style=\"color: #999999;\"><span style=\"color: #97bf0d;\">Acc\u00e8s direct pour enregistrer votre contrat aupr\u00e8s du Fonds Commun de Garantie Belge (FCGB).<\/span><br \/><\/span><\/strong><\/span><\/p><p><span style=\"font-family: tahoma, arial, helvetica, sans-serif; font-size: 10pt; color: #999999;\">Avec cette application vous acc\u00e9dez facilement et directement au Fonds Commun de Garantie Belge (FCGB) pour vous inscrire et consulter les polices d&#8217;assurance automobile obligatoires souscrites aupr\u00e8s de votre entreprise.<\/span><\/p><\/td><td style=\"width: 33%; vertical-align: top;\"><p><span style=\"color: #97bf0d;\"><strong><span style=\"font-family: tahoma, arial, helvetica, sans-serif;\">Ajustements \u00e0 l&#8217;enregistrement de la police existante.<\/span><\/strong><\/span><\/p><p><span style=\"font-size: 10pt; font-family: tahoma, arial, helvetica, sans-serif; color: #999999;\">Cette plateforme vous donne \u00e9galement la possibilit\u00e9 d&#8217;apporter des modifications aux inscriptions de polices existantes. Tels que l&#8217;ajustement des assur\u00e9s, la date de fin, la suspension,&#8230;<\/span><\/p><p><span style=\"font-family: tahoma, arial, helvetica, sans-serif; font-size: 10pt; text-align: var(--text-align); color: #999999; background-color: var(--wp--preset--color--base);\">\u00a0<\/span><\/p><\/td><td style=\"width: 33%; vertical-align: top;\"><p><span style=\"font-size: 12pt; color: #97bf0d;\"><strong><span style=\"font-family: tahoma, arial, helvetica, sans-serif;\">T\u00e9l\u00e9chargez plusieurs inscriptions \u00e0 la fois.<\/span><\/strong><\/span><\/p><p><span style=\"font-family: tahoma, arial, helvetica, sans-serif; font-size: 10pt; color: #999999;\">Vous pouvez \u00e9galement t\u00e9l\u00e9charger une liste de plusieurs inscriptions \u00e0 la fois \u00e0 l&#8217;aide d&#8217;un fichier csv.<\/span><\/p><\/td><\/tr><\/tbody><\/table>\t\t\t\t\t\t<\/div>\n\t\t\t\t<\/div>\n\t\t\t\t\t<\/div>\n\t\t\t\t<\/div>\n\t\t<div class=\"elementor-element elementor-element-7525b168 e-flex e-con-boxed e-con e-parent\" data-id=\"7525b168\" data-element_type=\"container\" data-settings=\"{&quot;background_background&quot;:&quot;classic&quot;,&quot;content_width&quot;:&quot;boxed&quot;}\" data-core-v316-plus=\"true\">\n\t\t\t\t\t<div class=\"e-con-inner\">\n\t\t\t\t<div class=\"elementor-element elementor-element-36fc6c60 elementor-view-default elementor-widget elementor-widget-icon\" data-id=\"36fc6c60\" data-element_type=\"widget\" data-widget_type=\"icon.default\">\n\t\t\t\t<div class=\"elementor-widget-container\">\n\t\t\t\t\t<div class=\"elementor-icon-wrapper\">\n\t\t\t<div class=\"elementor-icon\">\n\t\t\t<svg aria-hidden=\"true\" class=\"e-font-icon-svg e-far-file-pdf\" viewBox=\"0 0 384 512\" xmlns=\"http:\/\/www.w3.org\/2000\/svg\"><path d=\"M369.9 97.9L286 14C277 5 264.8-.1 252.1-.1H48C21.5 0 0 21.5 0 48v416c0 26.5 21.5 48 48 48h288c26.5 0 48-21.5 48-48V131.9c0-12.7-5.1-25-14.1-34zM332.1 128H256V51.9l76.1 76.1zM48 464V48h160v104c0 13.3 10.7 24 24 24h104v288H48zm250.2-143.7c-12.2-12-47-8.7-64.4-6.5-17.2-10.5-28.7-25-36.8-46.3 3.9-16.1 10.1-40.6 5.4-56-4.2-26.2-37.8-23.6-42.6-5.9-4.4 16.1-.4 38.5 7 67.1-10 23.9-24.9 56-35.4 74.4-20 10.3-47 26.2-51 46.2-3.3 15.8 26 55.2 76.1-31.2 22.4-7.4 46.8-16.5 68.4-20.1 18.9 10.2 41 17 55.8 17 25.5 0 28-28.2 17.5-38.7zm-198.1 77.8c5.1-13.7 24.5-29.5 30.4-35-19 30.3-30.4 35.7-30.4 35zm81.6-190.6c7.4 0 6.7 32.1 1.8 40.8-4.4-13.9-4.3-40.8-1.8-40.8zm-24.4 136.6c9.7-16.9 18-37 24.7-54.7 8.3 15.1 18.9 27.2 30.1 35.5-20.8 4.3-38.9 13.1-54.8 19.2zm131.6-5s-5 6-37.3-7.8c35.1-2.6 40.9 5.4 37.3 7.8z\"><\/path><\/svg>\t\t\t<\/div>\n\t\t<\/div>\n\t\t\t\t<\/div>\n\t\t\t\t<\/div>\n\t\t<div class=\"elementor-element elementor-element-554fddf1 e-flex e-con-boxed e-con e-child\" data-id=\"554fddf1\" data-element_type=\"container\" data-settings=\"{&quot;content_width&quot;:&quot;boxed&quot;}\">\n\t\t\t\t\t<div class=\"e-con-inner\">\n\t\t\t\t<div class=\"elementor-element elementor-element-2654c32e elementor-widget elementor-widget-text-editor\" data-id=\"2654c32e\" data-element_type=\"widget\" data-widget_type=\"text-editor.default\">\n\t\t\t\t<div class=\"elementor-widget-container\">\n\t\t\t\t\t\t\t<p><strong><span style=\"font-family: tahoma, arial, helvetica, sans-serif; font-size: 10pt; color: #999999;\"><a href=\"https:\/\/poi-wp-prd.inmotiv.be\/wp-content\/uploads\/2024\/05\/HandleidingPOI_NL.pdf\" target=\"_blank\" rel=\"noopener\"><span style=\"color: #97bf0d;\">Cliquez ici<\/span><\/a> pour un guide rapide d&#8217;utilisation de cette application (pdf).<\/span><\/strong><\/p>\t\t\t\t\t\t<\/div>\n\t\t\t\t<\/div>\n\t\t\t\t\t<\/div>\n\t\t\t\t<\/div>\n\t\t\t\t\t<\/div>\n\t\t\t\t<\/div>\n\t\t<div class=\"elementor-element elementor-element-1609493 e-flex e-con-boxed e-con e-parent\" data-id=\"1609493\" data-element_type=\"container\" data-settings=\"{&quot;background_background&quot;:&quot;classic&quot;,&quot;content_width&quot;:&quot;boxed&quot;}\" data-core-v316-plus=\"true\">\n\t\t\t\t\t<div class=\"e-con-inner\">\n\t\t\t\t<div class=\"elementor-element elementor-element-24624c4 elementor-view-default elementor-widget elementor-widget-icon\" data-id=\"24624c4\" data-element_type=\"widget\" data-widget_type=\"icon.default\">\n\t\t\t\t<div class=\"elementor-widget-container\">\n\t\t\t\t\t<div class=\"elementor-icon-wrapper\">\n\t\t\t<div class=\"elementor-icon\">\n\t\t\t<svg aria-hidden=\"true\" class=\"e-font-icon-svg e-far-file-excel\" viewBox=\"0 0 384 512\" xmlns=\"http:\/\/www.w3.org\/2000\/svg\"><path d=\"M369.9 97.9L286 14C277 5 264.8-.1 252.1-.1H48C21.5 0 0 21.5 0 48v416c0 26.5 21.5 48 48 48h288c26.5 0 48-21.5 48-48V131.9c0-12.7-5.1-25-14.1-34zM332.1 128H256V51.9l76.1 76.1zM48 464V48h160v104c0 13.3 10.7 24 24 24h104v288H48zm212-240h-28.8c-4.4 0-8.4 2.4-10.5 6.3-18 33.1-22.2 42.4-28.6 57.7-13.9-29.1-6.9-17.3-28.6-57.7-2.1-3.9-6.2-6.3-10.6-6.3H124c-9.3 0-15 10-10.4 18l46.3 78-46.3 78c-4.7 8 1.1 18 10.4 18h28.9c4.4 0 8.4-2.4 10.5-6.3 21.7-40 23-45 28.6-57.7 14.9 30.2 5.9 15.9 28.6 57.7 2.1 3.9 6.2 6.3 10.6 6.3H260c9.3 0 15-10 10.4-18L224 320c.7-1.1 30.3-50.5 46.3-78 4.7-8-1.1-18-10.3-18z\"><\/path><\/svg>\t\t\t<\/div>\n\t\t<\/div>\n\t\t\t\t<\/div>\n\t\t\t\t<\/div>\n\t\t<div class=\"elementor-element elementor-element-e6cbd7a e-flex e-con-boxed e-con e-child\" data-id=\"e6cbd7a\" data-element_type=\"container\" data-settings=\"{&quot;content_width&quot;:&quot;boxed&quot;}\">\n\t\t\t\t\t<div class=\"e-con-inner\">\n\t\t\t\t<div class=\"elementor-element elementor-element-539abb2 elementor-widget elementor-widget-text-editor\" data-id=\"539abb2\" data-element_type=\"widget\" data-widget_type=\"text-editor.default\">\n\t\t\t\t<div class=\"elementor-widget-container\">\n\t\t\t\t\t\t\t<p><strong><span style=\"font-family: tahoma, arial, helvetica, sans-serif; font-size: 10pt; color: #999999;\"><a href=\"https:\/\/poi-wp-prd.inmotiv.be\/wp-content\/uploads\/2024\/05\/Template-POI-Bulk-NL.csv\" target=\"_blank\" rel=\"noopener\"><span style=\"color: #97bf0d;\">Cliquez ici<\/span><\/a> pour obtenir un mod\u00e8le permettant de t\u00e9l\u00e9charger une liste group\u00e9e (csv).<\/span><\/strong><\/p>\t\t\t\t\t\t<\/div>\n\t\t\t\t<\/div>\n\t\t\t\t\t<\/div>\n\t\t\t\t<\/div>\n\t\t\t\t\t<\/div>\n\t\t\t\t<\/div>\n\t\t<div class=\"elementor-element elementor-element-36324f6a e-flex e-con-boxed e-con e-parent\" data-id=\"36324f6a\" data-element_type=\"container\" data-settings=\"{&quot;content_width&quot;:&quot;boxed&quot;}\" data-core-v316-plus=\"true\">\n\t\t\t\t\t<div class=\"e-con-inner\">\n\t\t<div class=\"elementor-element elementor-element-74f39479 e-flex e-con-boxed e-con e-child\" data-id=\"74f39479\" data-element_type=\"container\" data-settings=\"{&quot;background_background&quot;:&quot;classic&quot;,&quot;content_width&quot;:&quot;boxed&quot;}\">\n\t\t\t\t\t<div class=\"e-con-inner\">\n\t\t\t\t<div class=\"elementor-element elementor-element-4fabd129 elementor-widget elementor-widget-image\" data-id=\"4fabd129\" data-element_type=\"widget\" data-widget_type=\"image.default\">\n\t\t\t\t<div class=\"elementor-widget-container\">\n\t\t\t\t\t\t\t\t\t\t\t\t\t\t<a href=\"https:\/\/www.inmotiv.be\">\n\t\t\t\t\t\t\t<img decoding=\"async\" width=\"173\" height=\"45\" src=\"https:\/\/poi-wp-prd.inmotiv.be\/wp-content\/uploads\/2024\/04\/InMotiv_logo_fc_Transparant_Klein.png\" class=\"attachment-large size-large wp-image-40\" alt=\"\" \/>\t\t\t\t\t\t\t\t<\/a>\n\t\t\t\t\t\t\t\t\t\t\t\t\t<\/div>\n\t\t\t\t<\/div>\n\t\t\t\t<div class=\"elementor-element elementor-element-68b8458b elementor-widget elementor-widget-text-editor\" data-id=\"68b8458b\" data-element_type=\"widget\" data-widget_type=\"text-editor.default\">\n\t\t\t\t<div class=\"elementor-widget-container\">\n\t\t\t\t\t\t\t<p><strong style=\"color: var(--wp--preset--color--contrast); font-family: var(--wp--preset--font-family--body); font-size: var(--wp--preset--font-size--medium);\"><span style=\"font-family: tahoma, arial, helvetica, sans-serif; font-size: 10pt; color: #999999;\">Cette application est un produit d&#8217;<a href=\"http:\/\/www.inmotiv.be\" target=\"_blank\" rel=\"noopener\">inMotiv<\/a>.<br \/>Besoin d&#8217;aide suppl\u00e9mentaire ou souhaitez-vous des informations compl\u00e9mentaires ? Contactez le Service Desk inMotiv sans engagement. <a href=\"mailto:servicedesk@inmotiv.be\">servicedesk@inmotiv.be<\/a> +32 (0)3 369 18 17<\/span><\/strong><\/p>\t\t\t\t\t\t<\/div>\n\t\t\t\t<\/div>\n\t\t\t\t\t<\/div>\n\t\t\t\t<\/div>\n\t\t\t\t\t<\/div>\n\t\t\t\t<\/div>\n\t\t\t\t<\/div>\n\t\t","protected":false},"excerpt":{"rendered":"<p>Acc\u00e8s direct pour enregistrer votre contrat aupr\u00e8s du Fonds Commun de Garantie Belge (FCGB). Avec cette application vous acc\u00e9dez facilement et directement au Fonds Commun de Garantie Belge (FCGB) pour vous inscrire et consulter les polices d&#8217;assurance automobile obligatoires souscrites aupr\u00e8s de votre entreprise. Ajustements \u00e0 l&#8217;enregistrement de la police existante. Cette plateforme vous donne [&hellip;]<\/p>\n","protected":false},"author":1,"featured_media":0,"parent":0,"menu_order":0,"comment_status":"closed","ping_status":"closed","template":"elementor_canvas","meta":{"footnotes":""},"_links":{"self":[{"href":"https:\/\/poi-wp-prd.inmotiv.be\/index.php\/wp-json\/wp\/v2\/pages\/224"}],"collection":[{"href":"https:\/\/poi-wp-prd.inmotiv.be\/index.php\/wp-json\/wp\/v2\/pages"}],"about":[{"href":"https:\/\/poi-wp-prd.inmotiv.be\/index.php\/wp-json\/wp\/v2\/types\/page"}],"author":[{"embeddable":true,"href":"https:\/\/poi-wp-prd.inmotiv.be\/index.php\/wp-json\/wp\/v2\/users\/1"}],"replies":[{"embeddable":true,"href":"https:\/\/poi-wp-prd.inmotiv.be\/index.php\/wp-json\/wp\/v2\/comments?post=224"}],"version-history":[{"count":50,"href":"https:\/\/poi-wp-prd.inmotiv.be\/index.php\/wp-json\/wp\/v2\/pages\/224\/revisions"}],"predecessor-version":[{"id":393,"href":"https:\/\/poi-wp-prd.inmotiv.be\/index.php\/wp-json\/wp\/v2\/pages\/224\/revisions\/393"}],"wp:attachment":[{"href":"https:\/\/poi-wp-prd.inmotiv.be\/index.php\/wp-json\/wp\/v2\/media?parent=224"}],"curies":[{"name":"wp","href":"https:\/\/api.w.org\/{rel}","templated":true}]}}